{"id":10,"date":"2021-11-10T19:40:26","date_gmt":"2021-11-10T18:40:26","guid":{"rendered":"https:\/\/www.djdavid.sk\/?page_id=10"},"modified":"2021-11-10T22:15:59","modified_gmt":"2021-11-10T21:15:59","slug":"portofolio","status":"publish","type":"page","link":"https:\/\/www.djdavid.sk\/?page_id=10","title":{"rendered":"Portofolio"},"content":{"rendered":"\n<figure class=\"wp-block-gallery columns-3 is-cropped\"><ul class=\"blocks-gallery-grid\"><li class=\"blocks-gallery-item\"><figure><img loading=\"lazy\" width=\"1024\" height=\"683\" src=\"https:\/\/www.djdavid.sk\/wp-content\/uploads\/2021\/11\/101713248_117853079942515_8781339410114281472_n-3-1024x683.jpg\" alt=\"\" data-id=\"191\" data-full-url=\"https:\/\/www.djdavid.sk\/wp-content\/uploads\/2021\/11\/101713248_117853079942515_8781339410114281472_n-3.jpg\" data-link=\"https:\/\/www.djdavid.sk\/?attachment_id=191\" class=\"wp-image-191\" srcset=\"https:\/\/www.djdavid.sk\/wp-content\/uploads\/2021\/11\/101713248_117853079942515_8781339410114281472_n-3-1024x683.jpg 1024w, https:\/\/www.djdavid.sk\/wp-content\/uploads\/2021\/11\/101713248_117853079942515_8781339410114281472_n-3-300x200.jpg 300w, https:\/\/www.djdavid.sk\/wp-content\/uploads\/2021\/11\/101713248_117853079942515_8781339410114281472_n-3-768x512.jpg 768w, https:\/\/www.djdavid.sk\/wp-content\/uploads\/2021\/11\/101713248_117853079942515_8781339410114281472_n-3-1536x1024.jpg 1536w, https:\/\/www.djdavid.sk\/wp-content\/uploads\/2021\/11\/101713248_117853079942515_8781339410114281472_n-3-930x620.jpg 930w, https:\/\/www.djdavid.sk\/wp-content\/uploads\/2021\/11\/101713248_117853079942515_8781339410114281472_n-3.jpg 2048w\" sizes=\"(max-width: 1024px) 100vw, 1024px\" \/><\/figure><\/li><li class=\"blocks-gallery-item\"><figure><img loading=\"lazy\" width=\"819\" height=\"1024\" src=\"https:\/\/www.djdavid.sk\/wp-content\/uploads\/2021\/11\/103751795_124070435987446_242129516420462827_n-2-819x1024.jpg\" alt=\"\" data-id=\"192\" data-full-url=\"https:\/\/www.djdavid.sk\/wp-content\/uploads\/2021\/11\/103751795_124070435987446_242129516420462827_n-2.jpg\" data-link=\"https:\/\/www.djdavid.sk\/?attachment_id=192\" class=\"wp-image-192\" srcset=\"https:\/\/www.djdavid.sk\/wp-content\/uploads\/2021\/11\/103751795_124070435987446_242129516420462827_n-2-819x1024.jpg 819w, https:\/\/www.djdavid.sk\/wp-content\/uploads\/2021\/11\/103751795_124070435987446_242129516420462827_n-2-240x300.jpg 240w, https:\/\/www.djdavid.sk\/wp-content\/uploads\/2021\/11\/103751795_124070435987446_242129516420462827_n-2-768x960.jpg 768w, https:\/\/www.djdavid.sk\/wp-content\/uploads\/2021\/11\/103751795_124070435987446_242129516420462827_n-2-1229x1536.jpg 1229w, https:\/\/www.djdavid.sk\/wp-content\/uploads\/2021\/11\/103751795_124070435987446_242129516420462827_n-2.jpg 1440w\" sizes=\"(max-width: 819px) 100vw, 819px\" \/><\/figure><\/li><li class=\"blocks-gallery-item\"><figure><img loading=\"lazy\" width=\"1024\" height=\"683\" src=\"https:\/\/www.djdavid.sk\/wp-content\/uploads\/2021\/11\/103970280_128091225585367_5317696704110991531_n-1024x683.jpg\" alt=\"\" data-id=\"193\" data-full-url=\"https:\/\/www.djdavid.sk\/wp-content\/uploads\/2021\/11\/103970280_128091225585367_5317696704110991531_n.jpg\" data-link=\"https:\/\/www.djdavid.sk\/?attachment_id=193\" class=\"wp-image-193\" srcset=\"https:\/\/www.djdavid.sk\/wp-content\/uploads\/2021\/11\/103970280_128091225585367_5317696704110991531_n-1024x683.jpg 1024w, https:\/\/www.djdavid.sk\/wp-content\/uploads\/2021\/11\/103970280_128091225585367_5317696704110991531_n-300x200.jpg 300w, https:\/\/www.djdavid.sk\/wp-content\/uploads\/2021\/11\/103970280_128091225585367_5317696704110991531_n-768x512.jpg 768w, https:\/\/www.djdavid.sk\/wp-content\/uploads\/2021\/11\/103970280_128091225585367_5317696704110991531_n-930x620.jpg 930w, https:\/\/www.djdavid.sk\/wp-content\/uploads\/2021\/11\/103970280_128091225585367_5317696704110991531_n.jpg 1440w\" sizes=\"(max-width: 1024px) 100vw, 1024px\" \/><\/figure><\/li><li class=\"blocks-gallery-item\"><figure><img loading=\"lazy\" width=\"1024\" height=\"683\" src=\"https:\/\/www.djdavid.sk\/wp-content\/uploads\/2021\/11\/104561904_131136065280883_284135969785721126_n-2-1024x683.jpg\" alt=\"\" data-id=\"194\" data-full-url=\"https:\/\/www.djdavid.sk\/wp-content\/uploads\/2021\/11\/104561904_131136065280883_284135969785721126_n-2.jpg\" data-link=\"https:\/\/www.djdavid.sk\/?attachment_id=194\" class=\"wp-image-194\" srcset=\"https:\/\/www.djdavid.sk\/wp-content\/uploads\/2021\/11\/104561904_131136065280883_284135969785721126_n-2-1024x683.jpg 1024w, https:\/\/www.djdavid.sk\/wp-content\/uploads\/2021\/11\/104561904_131136065280883_284135969785721126_n-2-300x200.jpg 300w, https:\/\/www.djdavid.sk\/wp-content\/uploads\/2021\/11\/104561904_131136065280883_284135969785721126_n-2-768x512.jpg 768w, https:\/\/www.djdavid.sk\/wp-content\/uploads\/2021\/11\/104561904_131136065280883_284135969785721126_n-2-930x620.jpg 930w, https:\/\/www.djdavid.sk\/wp-content\/uploads\/2021\/11\/104561904_131136065280883_284135969785721126_n-2.jpg 1440w\" sizes=\"(max-width: 1024px) 100vw, 1024px\" \/><\/figure><\/li><li class=\"blocks-gallery-item\"><figure><img loading=\"lazy\" width=\"1024\" height=\"1024\" src=\"https:\/\/www.djdavid.sk\/wp-content\/uploads\/2021\/11\/106982913_137313981329758_4203272081569530452_n-1024x1024.jpg\" alt=\"\" data-id=\"195\" data-full-url=\"https:\/\/www.djdavid.sk\/wp-content\/uploads\/2021\/11\/106982913_137313981329758_4203272081569530452_n.jpg\" data-link=\"https:\/\/www.djdavid.sk\/?attachment_id=195\" class=\"wp-image-195\" srcset=\"https:\/\/www.djdavid.sk\/wp-content\/uploads\/2021\/11\/106982913_137313981329758_4203272081569530452_n-1024x1024.jpg 1024w, https:\/\/www.djdavid.sk\/wp-content\/uploads\/2021\/11\/106982913_137313981329758_4203272081569530452_n-300x300.jpg 300w, https:\/\/www.djdavid.sk\/wp-content\/uploads\/2021\/11\/106982913_137313981329758_4203272081569530452_n-150x150.jpg 150w, https:\/\/www.djdavid.sk\/wp-content\/uploads\/2021\/11\/106982913_137313981329758_4203272081569530452_n-768x768.jpg 768w, https:\/\/www.djdavid.sk\/wp-content\/uploads\/2021\/11\/106982913_137313981329758_4203272081569530452_n.jpg 1440w\" sizes=\"(max-width: 1024px) 100vw, 1024px\" \/><\/figure><\/li><li class=\"blocks-gallery-item\"><figure><img loading=\"lazy\" width=\"1024\" height=\"1024\" src=\"https:\/\/www.djdavid.sk\/wp-content\/uploads\/2021\/11\/107943046_140094804385009_3678521699444686140_n-1024x1024.jpg\" alt=\"\" data-id=\"196\" data-full-url=\"https:\/\/www.djdavid.sk\/wp-content\/uploads\/2021\/11\/107943046_140094804385009_3678521699444686140_n.jpg\" data-link=\"https:\/\/www.djdavid.sk\/?attachment_id=196\" class=\"wp-image-196\" srcset=\"https:\/\/www.djdavid.sk\/wp-content\/uploads\/2021\/11\/107943046_140094804385009_3678521699444686140_n-1024x1024.jpg 1024w, https:\/\/www.djdavid.sk\/wp-content\/uploads\/2021\/11\/107943046_140094804385009_3678521699444686140_n-300x300.jpg 300w, https:\/\/www.djdavid.sk\/wp-content\/uploads\/2021\/11\/107943046_140094804385009_3678521699444686140_n-150x150.jpg 150w, https:\/\/www.djdavid.sk\/wp-content\/uploads\/2021\/11\/107943046_140094804385009_3678521699444686140_n-768x768.jpg 768w, https:\/\/www.djdavid.sk\/wp-content\/uploads\/2021\/11\/107943046_140094804385009_3678521699444686140_n.jpg 1200w\" sizes=\"(max-width: 1024px) 100vw, 1024px\" \/><\/figure><\/li><li class=\"blocks-gallery-item\"><figure><img loading=\"lazy\" width=\"1024\" height=\"1024\" src=\"https:\/\/www.djdavid.sk\/wp-content\/uploads\/2021\/11\/118379143_155500556177767_3478928940098321021_n-2-1024x1024.jpg\" alt=\"\" data-id=\"197\" data-full-url=\"https:\/\/www.djdavid.sk\/wp-content\/uploads\/2021\/11\/118379143_155500556177767_3478928940098321021_n-2.jpg\" data-link=\"https:\/\/www.djdavid.sk\/?attachment_id=197\" class=\"wp-image-197\" srcset=\"https:\/\/www.djdavid.sk\/wp-content\/uploads\/2021\/11\/118379143_155500556177767_3478928940098321021_n-2-1024x1024.jpg 1024w, https:\/\/www.djdavid.sk\/wp-content\/uploads\/2021\/11\/118379143_155500556177767_3478928940098321021_n-2-300x300.jpg 300w, https:\/\/www.djdavid.sk\/wp-content\/uploads\/2021\/11\/118379143_155500556177767_3478928940098321021_n-2-150x150.jpg 150w, https:\/\/www.djdavid.sk\/wp-content\/uploads\/2021\/11\/118379143_155500556177767_3478928940098321021_n-2-768x768.jpg 768w, https:\/\/www.djdavid.sk\/wp-content\/uploads\/2021\/11\/118379143_155500556177767_3478928940098321021_n-2.jpg 1440w\" sizes=\"(max-width: 1024px) 100vw, 1024px\" \/><\/figure><\/li><li class=\"blocks-gallery-item\"><figure><img loading=\"lazy\" width=\"1024\" height=\"1024\" src=\"https:\/\/www.djdavid.sk\/wp-content\/uploads\/2021\/11\/118484339_155500586177764_8007778750100661148_n-1024x1024.jpg\" alt=\"\" data-id=\"198\" data-full-url=\"https:\/\/www.djdavid.sk\/wp-content\/uploads\/2021\/11\/118484339_155500586177764_8007778750100661148_n.jpg\" data-link=\"https:\/\/www.djdavid.sk\/?attachment_id=198\" class=\"wp-image-198\" srcset=\"https:\/\/www.djdavid.sk\/wp-content\/uploads\/2021\/11\/118484339_155500586177764_8007778750100661148_n-1024x1024.jpg 1024w, https:\/\/www.djdavid.sk\/wp-content\/uploads\/2021\/11\/118484339_155500586177764_8007778750100661148_n-300x300.jpg 300w, https:\/\/www.djdavid.sk\/wp-content\/uploads\/2021\/11\/118484339_155500586177764_8007778750100661148_n-150x150.jpg 150w, https:\/\/www.djdavid.sk\/wp-content\/uploads\/2021\/11\/118484339_155500586177764_8007778750100661148_n-768x768.jpg 768w, https:\/\/www.djdavid.sk\/wp-content\/uploads\/2021\/11\/118484339_155500586177764_8007778750100661148_n.jpg 1440w\" sizes=\"(max-width: 1024px) 100vw, 1024px\" \/><\/figure><\/li><li class=\"blocks-gallery-item\"><figure><img loading=\"lazy\" width=\"819\" height=\"1024\" src=\"https:\/\/www.djdavid.sk\/wp-content\/uploads\/2021\/11\/119138719_163185785409244_5584092234748624853_n-819x1024.jpg\" alt=\"\" data-id=\"199\" data-full-url=\"https:\/\/www.djdavid.sk\/wp-content\/uploads\/2021\/11\/119138719_163185785409244_5584092234748624853_n.jpg\" data-link=\"https:\/\/www.djdavid.sk\/?attachment_id=199\" class=\"wp-image-199\" srcset=\"https:\/\/www.djdavid.sk\/wp-content\/uploads\/2021\/11\/119138719_163185785409244_5584092234748624853_n-819x1024.jpg 819w, https:\/\/www.djdavid.sk\/wp-content\/uploads\/2021\/11\/119138719_163185785409244_5584092234748624853_n-240x300.jpg 240w, https:\/\/www.djdavid.sk\/wp-content\/uploads\/2021\/11\/119138719_163185785409244_5584092234748624853_n-768x960.jpg 768w, https:\/\/www.djdavid.sk\/wp-content\/uploads\/2021\/11\/119138719_163185785409244_5584092234748624853_n-1229x1536.jpg 1229w, https:\/\/www.djdavid.sk\/wp-content\/uploads\/2021\/11\/119138719_163185785409244_5584092234748624853_n.jpg 1440w\" sizes=\"(max-width: 819px) 100vw, 819px\" \/><\/figure><\/li><li class=\"blocks-gallery-item\"><figure><img loading=\"lazy\" width=\"720\" height=\"960\" src=\"https:\/\/www.djdavid.sk\/wp-content\/uploads\/2021\/11\/211225899_334263271634827_877576990904480121_n.jpg\" alt=\"\" data-id=\"200\" data-full-url=\"https:\/\/www.djdavid.sk\/wp-content\/uploads\/2021\/11\/211225899_334263271634827_877576990904480121_n.jpg\" data-link=\"https:\/\/www.djdavid.sk\/?attachment_id=200\" class=\"wp-image-200\" srcset=\"https:\/\/www.djdavid.sk\/wp-content\/uploads\/2021\/11\/211225899_334263271634827_877576990904480121_n.jpg 720w, https:\/\/www.djdavid.sk\/wp-content\/uploads\/2021\/11\/211225899_334263271634827_877576990904480121_n-225x300.jpg 225w\" sizes=\"(max-width: 720px) 100vw, 720px\" \/><\/figure><\/li><li class=\"blocks-gallery-item\"><figure><img loading=\"lazy\" width=\"720\" height=\"960\" src=\"https:\/\/www.djdavid.sk\/wp-content\/uploads\/2021\/11\/211830575_334263348301486_2613993861015718379_n.jpg\" alt=\"\" data-id=\"201\" data-full-url=\"https:\/\/www.djdavid.sk\/wp-content\/uploads\/2021\/11\/211830575_334263348301486_2613993861015718379_n.jpg\" data-link=\"https:\/\/www.djdavid.sk\/?attachment_id=201\" class=\"wp-image-201\" srcset=\"https:\/\/www.djdavid.sk\/wp-content\/uploads\/2021\/11\/211830575_334263348301486_2613993861015718379_n.jpg 720w, https:\/\/www.djdavid.sk\/wp-content\/uploads\/2021\/11\/211830575_334263348301486_2613993861015718379_n-225x300.jpg 225w\" sizes=\"(max-width: 720px) 100vw, 720px\" \/><\/figure><\/li><li class=\"blocks-gallery-item\"><figure><img loading=\"lazy\" width=\"1024\" height=\"1024\" src=\"https:\/\/www.djdavid.sk\/wp-content\/uploads\/2021\/11\/239195759_369026248158529_929202114436823531_n-1024x1024.jpg\" alt=\"\" data-id=\"202\" data-full-url=\"https:\/\/www.djdavid.sk\/wp-content\/uploads\/2021\/11\/239195759_369026248158529_929202114436823531_n.jpg\" data-link=\"https:\/\/www.djdavid.sk\/?attachment_id=202\" class=\"wp-image-202\" srcset=\"https:\/\/www.djdavid.sk\/wp-content\/uploads\/2021\/11\/239195759_369026248158529_929202114436823531_n-1024x1024.jpg 1024w, https:\/\/www.djdavid.sk\/wp-content\/uploads\/2021\/11\/239195759_369026248158529_929202114436823531_n-300x300.jpg 300w, https:\/\/www.djdavid.sk\/wp-content\/uploads\/2021\/11\/239195759_369026248158529_929202114436823531_n-150x150.jpg 150w, https:\/\/www.djdavid.sk\/wp-content\/uploads\/2021\/11\/239195759_369026248158529_929202114436823531_n-768x768.jpg 768w, https:\/\/www.djdavid.sk\/wp-content\/uploads\/2021\/11\/239195759_369026248158529_929202114436823531_n.jpg 1440w\" sizes=\"(max-width: 1024px) 100vw, 1024px\" \/><\/figure><\/li><li class=\"blocks-gallery-item\"><figure><img loading=\"lazy\" width=\"1024\" height=\"1024\" src=\"https:\/\/www.djdavid.sk\/wp-content\/uploads\/2021\/11\/239462883_369026241491863_6610083725039621308_n-2-1024x1024.jpg\" alt=\"\" data-id=\"203\" data-full-url=\"https:\/\/www.djdavid.sk\/wp-content\/uploads\/2021\/11\/239462883_369026241491863_6610083725039621308_n-2.jpg\" data-link=\"https:\/\/www.djdavid.sk\/?attachment_id=203\" class=\"wp-image-203\" srcset=\"https:\/\/www.djdavid.sk\/wp-content\/uploads\/2021\/11\/239462883_369026241491863_6610083725039621308_n-2-1024x1024.jpg 1024w, https:\/\/www.djdavid.sk\/wp-content\/uploads\/2021\/11\/239462883_369026241491863_6610083725039621308_n-2-300x300.jpg 300w, https:\/\/www.djdavid.sk\/wp-content\/uploads\/2021\/11\/239462883_369026241491863_6610083725039621308_n-2-150x150.jpg 150w, https:\/\/www.djdavid.sk\/wp-content\/uploads\/2021\/11\/239462883_369026241491863_6610083725039621308_n-2-768x768.jpg 768w, https:\/\/www.djdavid.sk\/wp-content\/uploads\/2021\/11\/239462883_369026241491863_6610083725039621308_n-2.jpg 1440w\" sizes=\"(max-width: 1024px) 100vw, 1024px\" \/><\/figure><\/li><li class=\"blocks-gallery-item\"><figure><img loading=\"lazy\" width=\"1024\" height=\"1024\" src=\"https:\/\/www.djdavid.sk\/wp-content\/uploads\/2021\/11\/239983754_369026254825195_6744572627941999381_n-1-1024x1024.jpg\" alt=\"\" data-id=\"204\" data-full-url=\"https:\/\/www.djdavid.sk\/wp-content\/uploads\/2021\/11\/239983754_369026254825195_6744572627941999381_n-1.jpg\" data-link=\"https:\/\/www.djdavid.sk\/?attachment_id=204\" class=\"wp-image-204\" srcset=\"https:\/\/www.djdavid.sk\/wp-content\/uploads\/2021\/11\/239983754_369026254825195_6744572627941999381_n-1-1024x1024.jpg 1024w, https:\/\/www.djdavid.sk\/wp-content\/uploads\/2021\/11\/239983754_369026254825195_6744572627941999381_n-1-300x300.jpg 300w, https:\/\/www.djdavid.sk\/wp-content\/uploads\/2021\/11\/239983754_369026254825195_6744572627941999381_n-1-150x150.jpg 150w, https:\/\/www.djdavid.sk\/wp-content\/uploads\/2021\/11\/239983754_369026254825195_6744572627941999381_n-1-768x768.jpg 768w, https:\/\/www.djdavid.sk\/wp-content\/uploads\/2021\/11\/239983754_369026254825195_6744572627941999381_n-1.jpg 1440w\" sizes=\"(max-width: 1024px) 100vw, 1024px\" \/><\/figure><\/li><\/ul><\/figure>\n","protected":false},"excerpt":{"rendered":"","protected":false},"author":1,"featured_media":0,"parent":0,"menu_order":0,"comment_status":"closed","ping_status":"closed","template":"","meta":{"_monsterinsights_skip_tracking":false,"_monsterinsights_sitenote_active":false,"_monsterinsights_sitenote_note":"","_monsterinsights_sitenote_category":0,"neve_meta_sidebar":"","neve_meta_container":"","neve_meta_enable_content_width":"on","neve_meta_content_width":100,"neve_meta_title_alignment":"","neve_meta_author_avatar":"","neve_post_elements_order":"","neve_meta_disable_header":"","neve_meta_disable_footer":"","neve_meta_disable_title":"on"},"yoast_head":"<!-- This site is optimized with the Yoast SEO plugin v17.5 - https:\/\/yoast.com\/wordpress\/plugins\/seo\/ -->\n<title>Portofolio - DJ D\u00c1VID<\/title>\n<meta name=\"robots\" content=\"index, follow, max-snippet:-1, max-image-preview:large, max-video-preview:-1\" \/>\n<link rel=\"canonical\" href=\"https:\/\/www.djdavid.sk\/?page_id=10\" \/>\n<meta property=\"og:locale\" content=\"sk_SK\" \/>\n<meta property=\"og:type\" content=\"article\" \/>\n<meta property=\"og:title\" content=\"Portofolio - DJ D\u00c1VID\" \/>\n<meta property=\"og:url\" content=\"https:\/\/www.djdavid.sk\/?page_id=10\" \/>\n<meta property=\"og:site_name\" content=\"DJ D\u00c1VID\" \/>\n<meta property=\"article:modified_time\" content=\"2021-11-10T21:15:59+00:00\" \/>\n<meta property=\"og:image\" content=\"https:\/\/www.djdavid.sk\/wp-content\/uploads\/2021\/11\/101713248_117853079942515_8781339410114281472_n-3-1024x683.jpg\" \/>\n<meta name=\"twitter:card\" content=\"summary_large_image\" \/>\n<meta name=\"twitter:label1\" content=\"Predpokladan\u00fd \u010das \u010d\u00edtania\" \/>\n\t<meta name=\"twitter:data1\" content=\"3 min\u00faty\" \/>\n<script type=\"application\/ld+json\" class=\"yoast-schema-graph\">{\"@context\":\"https:\/\/schema.org\",\"@graph\":[{\"@type\":\"WebSite\",\"@id\":\"https:\/\/www.djdavid.sk\/#website\",\"url\":\"https:\/\/www.djdavid.sk\/\",\"name\":\"DJ D\\u00c1VID\",\"description\":\"DJ DAVID - Svadobn\\u00fd a eventov\\u00fd DJ\",\"potentialAction\":[{\"@type\":\"SearchAction\",\"target\":{\"@type\":\"EntryPoint\",\"urlTemplate\":\"https:\/\/www.djdavid.sk\/?s={search_term_string}\"},\"query-input\":\"required name=search_term_string\"}],\"inLanguage\":\"sk-SK\"},{\"@type\":\"ImageObject\",\"@id\":\"https:\/\/www.djdavid.sk\/?page_id=10#primaryimage\",\"inLanguage\":\"sk-SK\",\"url\":\"https:\/\/www.djdavid.sk\/wp-content\/uploads\/2021\/11\/101713248_117853079942515_8781339410114281472_n-3.jpg\",\"contentUrl\":\"https:\/\/www.djdavid.sk\/wp-content\/uploads\/2021\/11\/101713248_117853079942515_8781339410114281472_n-3.jpg\",\"width\":2048,\"height\":1365},{\"@type\":\"WebPage\",\"@id\":\"https:\/\/www.djdavid.sk\/?page_id=10#webpage\",\"url\":\"https:\/\/www.djdavid.sk\/?page_id=10\",\"name\":\"Portofolio - DJ D\\u00c1VID\",\"isPartOf\":{\"@id\":\"https:\/\/www.djdavid.sk\/#website\"},\"primaryImageOfPage\":{\"@id\":\"https:\/\/www.djdavid.sk\/?page_id=10#primaryimage\"},\"datePublished\":\"2021-11-10T18:40:26+00:00\",\"dateModified\":\"2021-11-10T21:15:59+00:00\",\"breadcrumb\":{\"@id\":\"https:\/\/www.djdavid.sk\/?page_id=10#breadcrumb\"},\"inLanguage\":\"sk-SK\",\"potentialAction\":[{\"@type\":\"ReadAction\",\"target\":[\"https:\/\/www.djdavid.sk\/?page_id=10\"]}]},{\"@type\":\"BreadcrumbList\",\"@id\":\"https:\/\/www.djdavid.sk\/?page_id=10#breadcrumb\",\"itemListElement\":[{\"@type\":\"ListItem\",\"position\":1,\"name\":\"Home\",\"item\":\"https:\/\/www.djdavid.sk\/\"},{\"@type\":\"ListItem\",\"position\":2,\"name\":\"Portofolio\"}]}]}<\/script>\n<!-- \/ Yoast SEO plugin. -->","yoast_head_json":{"title":"Portofolio - DJ D\u00c1VID","robots":{"index":"index","follow":"follow","max-snippet":"max-snippet:-1","max-image-preview":"max-image-preview:large","max-video-preview":"max-video-preview:-1"},"canonical":"https:\/\/www.djdavid.sk\/?page_id=10","og_locale":"sk_SK","og_type":"article","og_title":"Portofolio - DJ D\u00c1VID","og_url":"https:\/\/www.djdavid.sk\/?page_id=10","og_site_name":"DJ D\u00c1VID","article_modified_time":"2021-11-10T21:15:59+00:00","og_image":[{"url":"https:\/\/www.djdavid.sk\/wp-content\/uploads\/2021\/11\/101713248_117853079942515_8781339410114281472_n-3-1024x683.jpg"}],"twitter_card":"summary_large_image","twitter_misc":{"Predpokladan\u00fd \u010das \u010d\u00edtania":"3 min\u00faty"},"schema":{"@context":"https:\/\/schema.org","@graph":[{"@type":"WebSite","@id":"https:\/\/www.djdavid.sk\/#website","url":"https:\/\/www.djdavid.sk\/","name":"DJ D\u00c1VID","description":"DJ DAVID - Svadobn\u00fd a eventov\u00fd DJ","potentialAction":[{"@type":"SearchAction","target":{"@type":"EntryPoint","urlTemplate":"https:\/\/www.djdavid.sk\/?s={search_term_string}"},"query-input":"required name=search_term_string"}],"inLanguage":"sk-SK"},{"@type":"ImageObject","@id":"https:\/\/www.djdavid.sk\/?page_id=10#primaryimage","inLanguage":"sk-SK","url":"https:\/\/www.djdavid.sk\/wp-content\/uploads\/2021\/11\/101713248_117853079942515_8781339410114281472_n-3.jpg","contentUrl":"https:\/\/www.djdavid.sk\/wp-content\/uploads\/2021\/11\/101713248_117853079942515_8781339410114281472_n-3.jpg","width":2048,"height":1365},{"@type":"WebPage","@id":"https:\/\/www.djdavid.sk\/?page_id=10#webpage","url":"https:\/\/www.djdavid.sk\/?page_id=10","name":"Portofolio - DJ D\u00c1VID","isPartOf":{"@id":"https:\/\/www.djdavid.sk\/#website"},"primaryImageOfPage":{"@id":"https:\/\/www.djdavid.sk\/?page_id=10#primaryimage"},"datePublished":"2021-11-10T18:40:26+00:00","dateModified":"2021-11-10T21:15:59+00:00","breadcrumb":{"@id":"https:\/\/www.djdavid.sk\/?page_id=10#breadcrumb"},"inLanguage":"sk-SK","potentialAction":[{"@type":"ReadAction","target":["https:\/\/www.djdavid.sk\/?page_id=10"]}]},{"@type":"BreadcrumbList","@id":"https:\/\/www.djdavid.sk\/?page_id=10#breadcrumb","itemListElement":[{"@type":"ListItem","position":1,"name":"Home","item":"https:\/\/www.djdavid.sk\/"},{"@type":"ListItem","position":2,"name":"Portofolio"}]}]}},"_links":{"self":[{"href":"https:\/\/www.djdavid.sk\/index.php?rest_route=\/wp\/v2\/pages\/10"}],"collection":[{"href":"https:\/\/www.djdavid.sk\/index.php?rest_route=\/wp\/v2\/pages"}],"about":[{"href":"https:\/\/www.djdavid.sk\/index.php?rest_route=\/wp\/v2\/types\/page"}],"author":[{"embeddable":true,"href":"https:\/\/www.djdavid.sk\/index.php?rest_route=\/wp\/v2\/users\/1"}],"replies":[{"embeddable":true,"href":"https:\/\/www.djdavid.sk\/index.php?rest_route=%2Fwp%2Fv2%2Fcomments&post=10"}],"version-history":[{"count":3,"href":"https:\/\/www.djdavid.sk\/index.php?rest_route=\/wp\/v2\/pages\/10\/revisions"}],"predecessor-version":[{"id":206,"href":"https:\/\/www.djdavid.sk\/index.php?rest_route=\/wp\/v2\/pages\/10\/revisions\/206"}],"wp:attachment":[{"href":"https:\/\/www.djdavid.sk\/index.php?rest_route=%2Fwp%2Fv2%2Fmedia&parent=10"}],"curies":[{"name":"wp","href":"https:\/\/api.w.org\/{rel}","templated":true}]}}